{"id":135,"date":"2026-04-07T11:19:43","date_gmt":"2026-04-07T10:19:43","guid":{"rendered":"https:\/\/laitcrus.fr\/?page_id=135"},"modified":"2026-04-07T12:33:17","modified_gmt":"2026-04-07T11:33:17","slug":"privatisation","status":"publish","type":"page","link":"https:\/\/laitcrus.fr\/index.php\/privatisation\/","title":{"rendered":"Privatisation"},"content":{"rendered":"\n<figure class=\"wp-block-gallery has-nested-images columns-default is-cropped wp-block-gallery-1 is-layout-flex wp-block-gallery-is-layout-flex\">\n<figure class=\"wp-block-image size-large\"><img loading=\"lazy\" decoding=\"async\" width=\"1024\" height=\"512\" data-id=\"184\" src=\"https:\/\/laitcrus.fr\/wp-content\/uploads\/2026\/04\/584593-4-1024x512.jpg\" alt=\"\" class=\"wp-image-184\" srcset=\"https:\/\/laitcrus.fr\/wp-content\/uploads\/2026\/04\/584593-4-1024x512.jpg 1024w, https:\/\/laitcrus.fr\/wp-content\/uploads\/2026\/04\/584593-4-300x150.jpg 300w, https:\/\/laitcrus.fr\/wp-content\/uploads\/2026\/04\/584593-4-768x384.jpg 768w, https:\/\/laitcrus.fr\/wp-content\/uploads\/2026\/04\/584593-4.jpg 1500w\" sizes=\"auto, (max-width: 1024px) 100vw, 1024px\" \/><\/figure>\n<\/figure>\n\n\n\n<figure class=\"wp-block-image aligncenter size-full\"><img loading=\"lazy\" decoding=\"async\" width=\"751\" height=\"402\" src=\"https:\/\/laitcrus.fr\/wp-content\/uploads\/2026\/04\/Capture-decran-2026-04-07-a-13.28.41.png\" alt=\"\" class=\"wp-image-191\" srcset=\"https:\/\/laitcrus.fr\/wp-content\/uploads\/2026\/04\/Capture-decran-2026-04-07-a-13.28.41.png 751w, https:\/\/laitcrus.fr\/wp-content\/uploads\/2026\/04\/Capture-decran-2026-04-07-a-13.28.41-300x161.png 300w\" sizes=\"auto, (max-width: 751px) 100vw, 751px\" \/><\/figure>\n\n\n\n<pre class=\"wp-block-verse\">\ud83e\uddc0 Pourquoi organiser votre \u00e9v\u00e8nement ici : On a trouv\u00e9 le bar qui transforme vos afterworks et anniversaires en vraies exp\u00e9riences gourmandes. Laitcrus, c'est l'adresse o\u00f9 l'accord vins-fromages devient un art accessible, sans prise de t\u00eate. La carte propose une s\u00e9lection de vins et fromages d'exception, choisis avec passion aupr\u00e8s de producteurs qui ont une vraie histoire \u00e0 raconter.<br><br>\ud83c\udf89 Le highlight : Imaginez votre \u00e9quipe en train de d\u00e9couvrir des accords surprenants, guid\u00e9e par une \u00e9quipe qui sait transmettre sa passion sans \u00eatre p\u00e9dante. L'ambiance monte crescendo entre les rires, les \"allez, on go\u00fbte celui-l\u00e0 aussi\" et les discussions anim\u00e9es autour des saveurs.<br><br>\u2728 Le truc en plus : Laitcrus combine vente et exp\u00e9riences sur mesure, que vous soyez un groupe de potes ou une entreprise. Vous repartez avec des souvenirs gustatifs et la possibilit\u00e9 de ramener vos d\u00e9couvertes \u00e0 la maison. L'expertise au service du plaisir, sans chichis.<\/pre>\n\n\n\n<p><\/p>\n\n\n\n<h2 class=\"wp-block-heading has-text-align-center\">Ambiance &amp; Activit\u00e9s<\/h2>\n\n\n\n<figure class=\"wp-block-image aligncenter size-full\"><img loading=\"lazy\" decoding=\"async\" width=\"750\" height=\"273\" src=\"https:\/\/laitcrus.fr\/wp-content\/uploads\/2026\/04\/Capture-decran-2026-04-07-a-13.25.03.png\" alt=\"\" class=\"wp-image-185\" srcset=\"https:\/\/laitcrus.fr\/wp-content\/uploads\/2026\/04\/Capture-decran-2026-04-07-a-13.25.03.png 750w, https:\/\/laitcrus.fr\/wp-content\/uploads\/2026\/04\/Capture-decran-2026-04-07-a-13.25.03-300x109.png 300w\" sizes=\"auto, (max-width: 750px) 100vw, 750px\" \/><\/figure>\n\n\n\n<p><\/p>\n\n\n\n<h2 class=\"wp-block-heading has-text-align-center\">Tarifs<\/h2>\n\n\n\n<div class=\"wp-block-columns is-layout-flex wp-container-core-columns-is-layout-28f84493 wp-block-columns-is-layout-flex\">\n<div class=\"wp-block-column is-layout-flow wp-block-column-is-layout-flow\">\n<figure class=\"wp-block-image aligncenter size-full is-resized\"><img loading=\"lazy\" decoding=\"async\" width=\"370\" height=\"765\" src=\"https:\/\/laitcrus.fr\/wp-content\/uploads\/2026\/04\/Capture-decran-2026-04-07-a-13.24.37-1.png\" alt=\"\" class=\"wp-image-187\" style=\"width:478px;height:auto\" srcset=\"https:\/\/laitcrus.fr\/wp-content\/uploads\/2026\/04\/Capture-decran-2026-04-07-a-13.24.37-1.png 370w, https:\/\/laitcrus.fr\/wp-content\/uploads\/2026\/04\/Capture-decran-2026-04-07-a-13.24.37-1-145x300.png 145w\" sizes=\"auto, (max-width: 370px) 100vw, 370px\" \/><\/figure>\n<\/div>\n\n\n\n<div class=\"wp-block-column is-layout-flow wp-block-column-is-layout-flow\">\n<figure class=\"wp-block-image aligncenter size-full is-resized\"><img loading=\"lazy\" decoding=\"async\" width=\"368\" height=\"766\" src=\"https:\/\/laitcrus.fr\/wp-content\/uploads\/2026\/04\/Capture-decran-2026-04-07-a-13.24.45.png\" alt=\"\" class=\"wp-image-188\" style=\"width:472px;height:auto\" srcset=\"https:\/\/laitcrus.fr\/wp-content\/uploads\/2026\/04\/Capture-decran-2026-04-07-a-13.24.45.png 368w, https:\/\/laitcrus.fr\/wp-content\/uploads\/2026\/04\/Capture-decran-2026-04-07-a-13.24.45-144x300.png 144w\" sizes=\"auto, (max-width: 368px) 100vw, 368px\" \/><\/figure>\n<\/div>\n<\/div>\n\n\n\n<p><\/p>\n\n\n\n<h2 class=\"wp-block-heading has-text-align-center\">Informations utiles<\/h2>\n\n\n\n<figure class=\"wp-block-image aligncenter size-full\"><img loading=\"lazy\" decoding=\"async\" width=\"752\" height=\"804\" src=\"https:\/\/laitcrus.fr\/wp-content\/uploads\/2026\/04\/Capture-decran-2026-04-07-a-13.27.31.png\" alt=\"\" class=\"wp-image-189\" srcset=\"https:\/\/laitcrus.fr\/wp-content\/uploads\/2026\/04\/Capture-decran-2026-04-07-a-13.27.31.png 752w, https:\/\/laitcrus.fr\/wp-content\/uploads\/2026\/04\/Capture-decran-2026-04-07-a-13.27.31-281x300.png 281w\" sizes=\"auto, (max-width: 752px) 100vw, 752px\" \/><\/figure>\n\n\n\n<div class=\"wp-block-buttons alignwide is-content-justification-center is-layout-flex wp-container-core-buttons-is-layout-a89b3969 wp-block-buttons-is-layout-flex\">\n<div class=\"wp-block-button\"><a class=\"wp-block-button__link wp-element-button\" href=\"https:\/\/widget.privateaser.com\/v\/b03f0db5-63079\">Demande et r\u00e9servation<\/a><\/div>\n<\/div>\n\n\n\n<p><\/p>\n","protected":false},"excerpt":{"rendered":"<p>\ud83e\uddc0 Pourquoi organiser votre \u00e9v\u00e8nement ici : On a trouv\u00e9 le bar qui transforme vos afterworks et anniversaires en vraies exp\u00e9riences gourmandes. Laitcrus, c&rsquo;est l&rsquo;adresse o\u00f9 l&rsquo;accord vins-fromages devient un art accessible, sans prise de t\u00eate. La carte propose une s\u00e9lection de vins et fromages d&rsquo;exception, choisis avec passion aupr\u00e8s de producteurs qui ont une [&hellip;]<\/p>\n","protected":false},"author":1,"featured_media":0,"parent":0,"menu_order":0,"comment_status":"closed","ping_status":"closed","template":"","meta":{"footnotes":""},"class_list":["post-135","page","type-page","status-publish","hentry"],"_links":{"self":[{"href":"https:\/\/laitcrus.fr\/index.php\/wp-json\/wp\/v2\/pages\/135","targetHints":{"allow":["GET"]}}],"collection":[{"href":"https:\/\/laitcrus.fr\/index.php\/wp-json\/wp\/v2\/pages"}],"about":[{"href":"https:\/\/laitcrus.fr\/index.php\/wp-json\/wp\/v2\/types\/page"}],"author":[{"embeddable":true,"href":"https:\/\/laitcrus.fr\/index.php\/wp-json\/wp\/v2\/users\/1"}],"replies":[{"embeddable":true,"href":"https:\/\/laitcrus.fr\/index.php\/wp-json\/wp\/v2\/comments?post=135"}],"version-history":[{"count":9,"href":"https:\/\/laitcrus.fr\/index.php\/wp-json\/wp\/v2\/pages\/135\/revisions"}],"predecessor-version":[{"id":195,"href":"https:\/\/laitcrus.fr\/index.php\/wp-json\/wp\/v2\/pages\/135\/revisions\/195"}],"wp:attachment":[{"href":"https:\/\/laitcrus.fr\/index.php\/wp-json\/wp\/v2\/media?parent=135"}],"curies":[{"name":"wp","href":"https:\/\/api.w.org\/{rel}","templated":true}]}}